{"id":9,"date":"2020-10-30T12:32:42","date_gmt":"2020-10-30T12:32:42","guid":{"rendered":"http:\/\/amazingmedia.ro\/?page_id=9"},"modified":"2026-03-23T08:00:14","modified_gmt":"2026-03-23T08:00:14","slug":"despre","status":"publish","type":"page","link":"https:\/\/amazingmedia.ro\/index.php\/despre\/","title":{"rendered":"Obiectivele noastre"},"content":{"rendered":"\n<p><\/p>\n\n\n\n<ul>\n<li><strong>Excelen\u021b\u0103 muzical\u0103:<\/strong>&nbsp;Cre\u0103m \u0219i promov\u0103m muzic\u0103 vocal\u0103 \u0219i instrumental\u0103 la cele mai \u00eenalte standarde.<\/li>\n\n\n\n<li><strong>Colabor\u0103ri artistice:<\/strong>&nbsp;Sus\u021binem muzica de calitate prin grupurile noastre \u0219i prin parteneriate str\u00e2nse cu al\u021bi arti\u0219ti \u0219i asocia\u021bii de profil.<\/li>\n\n\n\n<li><strong>Evenimente memorabile:<\/strong>&nbsp;Organiz\u0103m, dezvolt\u0103m \u0219i sus\u021binem concerte, festivaluri \u0219i evenimente culturale.<\/li>\n\n\n\n<li><strong>Evolu\u021bie spiritual\u0103:<\/strong>&nbsp;D\u0103m via\u021b\u0103 unor proiecte speciale, menite s\u0103 contribuie la dezvoltarea cultural\u0103 \u0219i spiritual\u0103 a publicului nostru.<\/li>\n\n\n\n<li><strong>Produc\u021bie vizual\u0103 \u0219i digital\u0103:<\/strong>&nbsp;Realiz\u0103m videoclipuri muzicale \u0219i transmisiuni online, aduc\u00e2nd arta direct \u00een casele oamenilor.<\/li>\n\n\n\n<li><strong>Comunicare activ\u0103:<\/strong>&nbsp;Ne promov\u0103m valorile \u0219i viziunea prin intermediul tuturor canalelor media, pentru a inspira o comunitate c\u00e2t mai larg\u0103.<\/li>\n<\/ul>\n\n\n\n<p><\/p>\n\n\n\n<p>Obiective 2026<\/p>\n\n\n\n<ul>\n<li><strong>Evenimente de suflet:<\/strong>\u00a0 S\u0103rb\u0103torim un deceniu de emo\u021bie prin organizarea\u00a0<strong>edi\u021biei a 10-a (aniversar\u0103) a concertului \u201eLumin\u0103 din Lumin\u0103\u201d<\/strong>.<\/li>\n\n\n\n<li>Aducem bucuria zilelor de iarn\u0103 prin&nbsp;<strong>edi\u021bia a 3-a a concertului \u201eLumina S-a n\u0103scut\u201d<\/strong>.<\/li>\n\n\n\n<li><strong>Produc\u021bie Audiovizual\u0103:<\/strong>&nbsp;* Continu\u0103m s\u0103 promov\u0103m muzica de calitate prin realizarea a&nbsp;<strong>10 noi videoclipuri muzicale<\/strong>&nbsp;.<\/li>\n\n\n\n<li><strong>Educa\u021bie \u0219i Spiritualitate pentru Copii:<\/strong><\/li>\n\n\n\n<li><a href=\"https:\/\/amazingmedia.ro\/index.php\/aventuri-si-invataturi-cu-feli-si-benny-o-serie-animata-bazata-pe-povestirile-bibliei\/\" data-type=\"link\" data-id=\"https:\/\/amazingmedia.ro\/index.php\/aventuri-si-invataturi-cu-feli-si-benny-o-serie-animata-bazata-pe-povestirile-bibliei\/\"><strong>Proiectul Feli&amp;Benny:<\/strong>&nbsp;Dezvolt\u0103m un serial captivant de desene animate menit s\u0103 ilustreze povestirile din Biblie \u00eentr-un mod accesibil \u0219i atractiv pentru cei mici. Afl\u0103 mai multe detalii<\/a><\/li>\n\n\n\n<li><a href=\"https:\/\/amazingmedia.ro\/index.php\/proiectul-edubiblia\/\" data-type=\"link\" data-id=\"https:\/\/amazingmedia.ro\/index.php\/proiectul-edubiblia\/\"><strong>Proiectul EduBiblia:<\/strong>&nbsp;Cre\u0103m \u0219i dezvolt\u0103m jocuri de societate interactive, concepute special pentru a-i ajuta pe copii s\u0103 aprofundeze cuno\u0219tin\u021bele biblice prin joac\u0103 \u0219i bucurie. Afl\u0103 mai multe detalii<\/a><\/li>\n<\/ul>\n","protected":false},"excerpt":{"rendered":"<p>Obiective 2026<\/p>\n","protected":false},"author":1,"featured_media":33,"parent":0,"menu_order":0,"comment_status":"closed","ping_status":"closed","template":"","meta":{"footnotes":""},"_links":{"self":[{"href":"https:\/\/amazingmedia.ro\/index.php\/wp-json\/wp\/v2\/pages\/9"}],"collection":[{"href":"https:\/\/amazingmedia.ro\/index.php\/wp-json\/wp\/v2\/pages"}],"about":[{"href":"https:\/\/amazingmedia.ro\/index.php\/wp-json\/wp\/v2\/types\/page"}],"author":[{"embeddable":true,"href":"https:\/\/amazingmedia.ro\/index.php\/wp-json\/wp\/v2\/users\/1"}],"replies":[{"embeddable":true,"href":"https:\/\/amazingmedia.ro\/index.php\/wp-json\/wp\/v2\/comments?post=9"}],"version-history":[{"count":11,"href":"https:\/\/amazingmedia.ro\/index.php\/wp-json\/wp\/v2\/pages\/9\/revisions"}],"predecessor-version":[{"id":148,"href":"https:\/\/amazingmedia.ro\/index.php\/wp-json\/wp\/v2\/pages\/9\/revisions\/148"}],"wp:featuredmedia":[{"embeddable":true,"href":"https:\/\/amazingmedia.ro\/index.php\/wp-json\/wp\/v2\/media\/33"}],"wp:attachment":[{"href":"https:\/\/amazingmedia.ro\/index.php\/wp-json\/wp\/v2\/media?parent=9"}],"curies":[{"name":"wp","href":"https:\/\/api.w.org\/{rel}","templated":true}]}}