{"id":8,"date":"2020-10-30T12:32:42","date_gmt":"2020-10-30T12:32:42","guid":{"rendered":"http:\/\/amazingmedia.ro\/?page_id=8"},"modified":"2026-03-23T07:58:42","modified_gmt":"2026-03-23T07:58:42","slug":"prima-pagina","status":"publish","type":"page","link":"https:\/\/amazingmedia.ro\/","title":{"rendered":"Bun venit"},"content":{"rendered":"\n<p>Bine ai venit pe site-ul Asocia\u021biei Amazing Media. \u00ce\u021bi mul\u021bumim pentru vizit\u0103! Te invit\u0103m s\u0103 explorezi pagina pentru a afla mai multe despre misiunea noastr\u0103 \u0219i despre evenimentele \u0219i proiectele pe care le preg\u0103tim.<\/p>\n\n\n\n<p>Vezi cele mai noi proiecte ale Asocia\u021biei Amazing Media:<\/p>\n\n\n\n<p><a href=\"https:\/\/amazingmedia.ro\/index.php\/proiectul-edubiblia\/\" data-type=\"link\" data-id=\"https:\/\/amazingmedia.ro\/index.php\/proiectul-edubiblia\/\">EduBiblia<\/a><\/p>\n\n\n\n<p><a href=\"https:\/\/amazingmedia.ro\/wp-admin\/post.php?post=141&amp;action=edit\" data-type=\"link\" data-id=\"https:\/\/amazingmedia.ro\/wp-admin\/post.php?post=141&amp;action=edit\">Feli &amp; Benny<\/a><\/p>\n","protected":false},"excerpt":{"rendered":"<p>Bine ai venit pe site-ul Asocia\u021biei Amazing Media. \u00ce\u021bi mul\u021bumim pentru vizit\u0103! Te invit\u0103m s\u0103 explorezi pagina pentru a afla mai multe despre misiunea noastr\u0103 \u0219i despre evenimentele \u0219i proiectele pe care le preg\u0103tim. Vezi cele mai noi proiecte ale Asocia\u021biei Amazing Media: EduBiblia Feli &amp; Benny<\/p>\n","protected":false},"author":1,"featured_media":32,"parent":0,"menu_order":0,"comment_status":"closed","ping_status":"closed","template":"","meta":{"footnotes":""},"_links":{"self":[{"href":"https:\/\/amazingmedia.ro\/index.php\/wp-json\/wp\/v2\/pages\/8"}],"collection":[{"href":"https:\/\/amazingmedia.ro\/index.php\/wp-json\/wp\/v2\/pages"}],"about":[{"href":"https:\/\/amazingmedia.ro\/index.php\/wp-json\/wp\/v2\/types\/page"}],"author":[{"embeddable":true,"href":"https:\/\/amazingmedia.ro\/index.php\/wp-json\/wp\/v2\/users\/1"}],"replies":[{"embeddable":true,"href":"https:\/\/amazingmedia.ro\/index.php\/wp-json\/wp\/v2\/comments?post=8"}],"version-history":[{"count":4,"href":"https:\/\/amazingmedia.ro\/index.php\/wp-json\/wp\/v2\/pages\/8\/revisions"}],"predecessor-version":[{"id":145,"href":"https:\/\/amazingmedia.ro\/index.php\/wp-json\/wp\/v2\/pages\/8\/revisions\/145"}],"wp:featuredmedia":[{"embeddable":true,"href":"https:\/\/amazingmedia.ro\/index.php\/wp-json\/wp\/v2\/media\/32"}],"wp:attachment":[{"href":"https:\/\/amazingmedia.ro\/index.php\/wp-json\/wp\/v2\/media?parent=8"}],"curies":[{"name":"wp","href":"https:\/\/api.w.org\/{rel}","templated":true}]}}