{"id":73,"date":"2021-02-08T15:23:43","date_gmt":"2021-02-08T15:23:43","guid":{"rendered":"http:\/\/amazingmedia.ro\/?page_id=73"},"modified":"2026-03-23T08:04:54","modified_gmt":"2026-03-23T08:04:54","slug":"proiectele-noastre","status":"publish","type":"page","link":"https:\/\/amazingmedia.ro\/index.php\/proiectele-noastre\/","title":{"rendered":"Proiecte \u00een desf\u0103\u0219urare"},"content":{"rendered":"\n<p>Avem mai multe proiecte \u00een desf\u0103\u015furare \u015fi altele pe care vrem s\u0103 le dezvolt\u0103m anul acesta.<\/p>\n\n\n\n<p><\/p>\n\n\n\n<ol>\n<li><strong>Evenimente de suflet:<\/strong>\u00a0 S\u0103rb\u0103torim un deceniu de emo\u021bie prin organizarea\u00a0<strong>edi\u021biei a 10-a (aniversar\u0103) a concertului \u201eLumin\u0103 din Lumin\u0103\u201d<\/strong>.<\/li>\n\n\n\n<li>Aducem bucuria zilelor de iarn\u0103 prin&nbsp;<strong>edi\u021bia a 3-a a concertului \u201eLumina S-a n\u0103scut\u201d<\/strong>.<\/li>\n\n\n\n<li><strong>Produc\u021bie Audiovizual\u0103:<\/strong>&nbsp;* Continu\u0103m s\u0103 promov\u0103m muzica de calitate prin realizarea a&nbsp;<strong>10 noi videoclipuri muzicale<\/strong>&nbsp;.<\/li>\n\n\n\n<li><strong>Educa\u021bie \u0219i Spiritualitate pentru Copii:<\/strong><\/li>\n\n\n\n<li><a href=\"https:\/\/amazingmedia.ro\/index.php\/aventuri-si-invataturi-cu-feli-si-benny-o-serie-animata-bazata-pe-povestirile-bibliei\/\" data-type=\"link\" data-id=\"https:\/\/amazingmedia.ro\/index.php\/aventuri-si-invataturi-cu-feli-si-benny-o-serie-animata-bazata-pe-povestirile-bibliei\/\"><strong>Proiectul Feli&amp;Benny:<\/strong>&nbsp;Dezvolt\u0103m un serial captivant de desene animate menit s\u0103 ilustreze povestirile din Biblie \u00eentr-un mod accesibil \u0219i atractiv pentru cei mici. Afl\u0103 mai multe detalii<\/a><\/li>\n\n\n\n<li><a href=\"https:\/\/amazingmedia.ro\/index.php\/proiectul-edubiblia\/\" data-type=\"link\" data-id=\"https:\/\/amazingmedia.ro\/index.php\/proiectul-edubiblia\/\"><strong>Proiectul EduBiblia:<\/strong>&nbsp;Cre\u0103m \u0219i dezvolt\u0103m jocuri de societate interactive, concepute special pentru a-i ajuta pe copii s\u0103 aprofundeze cuno\u0219tin\u021bele biblice prin joac\u0103 \u0219i bucurie. Afl\u0103 mai multe detalii<\/a><\/li>\n<\/ol>\n","protected":false},"excerpt":{"rendered":"<p>Avem mai multe proiecte \u00een desf\u0103\u015furare \u015fi altele pe care vrem s\u0103 le dezvolt\u0103m anul acesta.<\/p>\n","protected":false},"author":1,"featured_media":0,"parent":0,"menu_order":0,"comment_status":"closed","ping_status":"closed","template":"","meta":{"footnotes":""},"_links":{"self":[{"href":"https:\/\/amazingmedia.ro\/index.php\/wp-json\/wp\/v2\/pages\/73"}],"collection":[{"href":"https:\/\/amazingmedia.ro\/index.php\/wp-json\/wp\/v2\/pages"}],"about":[{"href":"https:\/\/amazingmedia.ro\/index.php\/wp-json\/wp\/v2\/types\/page"}],"author":[{"embeddable":true,"href":"https:\/\/amazingmedia.ro\/index.php\/wp-json\/wp\/v2\/users\/1"}],"replies":[{"embeddable":true,"href":"https:\/\/amazingmedia.ro\/index.php\/wp-json\/wp\/v2\/comments?post=73"}],"version-history":[{"count":13,"href":"https:\/\/amazingmedia.ro\/index.php\/wp-json\/wp\/v2\/pages\/73\/revisions"}],"predecessor-version":[{"id":149,"href":"https:\/\/amazingmedia.ro\/index.php\/wp-json\/wp\/v2\/pages\/73\/revisions\/149"}],"wp:attachment":[{"href":"https:\/\/amazingmedia.ro\/index.php\/wp-json\/wp\/v2\/media?parent=73"}],"curies":[{"name":"wp","href":"https:\/\/api.w.org\/{rel}","templated":true}]}}