{"id":141,"date":"2026-03-23T07:55:25","date_gmt":"2026-03-23T07:55:25","guid":{"rendered":"https:\/\/amazingmedia.ro\/?page_id=141"},"modified":"2026-03-23T07:55:25","modified_gmt":"2026-03-23T07:55:25","slug":"aventuri-si-invataturi-cu-feli-si-benny-o-serie-animata-bazata-pe-povestirile-bibliei","status":"publish","type":"page","link":"https:\/\/amazingmedia.ro\/index.php\/aventuri-si-invataturi-cu-feli-si-benny-o-serie-animata-bazata-pe-povestirile-bibliei\/","title":{"rendered":"Aventuri \u0219i \u00cenv\u0103\u021b\u0103turi cu Feli \u0219i Benny: O Serie Animat\u0103 Bazat\u0103 pe povestirile Bibliei"},"content":{"rendered":"\n<h1 class=\"wp-block-heading\"><\/h1>\n\n\n\n<h2 class=\"wp-block-heading\">Conceptul Seriei<\/h2>\n\n\n\n<p>Acest proiect este o serie de anima\u021bie 3D de \u00eenalt\u0103 calitate, creat\u0103 special pentru copii, care aduce la via\u021b\u0103 cele mai frumoase \u0219i pline de \u00een\u021beles povestiri din Biblie. Seria nu este doar o simpl\u0103 relatare a textelor sacre, ci folose\u0219te o structur\u0103 narativ\u0103 modern\u0103: \u201epoveste \u00een poveste\u201d.<\/p>\n\n\n\n<p>Fiecare episod debuteaz\u0103 \u00een prezent, \u00eentr-un loc prietenos, unde personajele noastre principale se confrunt\u0103 cu o problem\u0103 de zi cu zi specific\u0103 v\u00e2rstei copil\u0103riei (o ceart\u0103 cu un prieten, frica de necunoscut, lipsa de r\u0103bdare etc.). Pentru a rezolva problema, ei \u201ec\u0103l\u0103toresc\u201d imaginar \u00een timpurile biblice, transform\u00e2nd lec\u021biile de acum mii de ani \u00een solu\u021bii practice \u0219i u\u0219or de \u00een\u021beles pentru via\u021ba lor emo\u021bional\u0103 \u0219i social\u0103.<\/p>\n\n\n\n<h2 class=\"wp-block-heading\">Prietenii Copiilor: Face\u021bi cuno\u0219tin\u021b\u0103 cu Feli \u0219i Benny!<\/h2>\n\n\n\n<p>Nucleul emo\u021bional al seriei este reprezentat de cele dou\u0103 anim\u0103lu\u021be adorabile, care func\u021bioneaz\u0103 ca ghizi \u0219i prieteni de n\u0103dejde pentru micii spectatori:<\/p>\n\n\n\n<ul>\n<li><strong>Feli (Veveri\u021ba Pove\u0219tilor):<\/strong>\u00a0O veveri\u021b\u0103 ro\u0219cat\u0103, plin\u0103 de energie, cu o coad\u0103 extrem de stufoas\u0103, ochi verzi \u0219i lumino\u0219i. Mereu \u00eembr\u0103cat\u0103 cu un fular verde \u00eempletit \u0219i m\u0103nu\u0219i ro\u0219ii, Feli este vocea \u00een\u021belepciunii \u0219i a echilibrului. Ea cunoa\u0219te o mul\u021bime de povestiri din Biblie \u0219i are darul de a le povesti cu bl\u00e2nde\u021be \u0219i entuziasm. Pentru copii, Feli este ca o sor\u0103 mai mare, plin\u0103 de grij\u0103, care are mereu un sfat bun.<\/li>\n\n\n\n<li><strong>Benny (Iepura\u0219ul Inimos):<\/strong>\u00a0Un iepura\u0219 pufos, alb cu gri, cu ochi mari \u0219i alba\u0219tri, \u00eembr\u0103cat \u00eentr-un pulover tricotat bleu. Benny este bl\u00e2nd, curios \u0219i foarte empatic, dar, la fel ca orice copil, se love\u0219te adesea de emo\u021bii puternice pe care nu \u0219tie cum s\u0103 le gestioneze: sup\u0103rare, team\u0103, frustrare. Copiii se identific\u0103 instantaneu cu Benny, \u00eenv\u0103\u021b\u00e2nd al\u0103turi de el, episod cu episod, cum s\u0103 devin\u0103 mai buni, mai curajo\u0219i \u0219i mai iert\u0103tori.<\/li>\n<\/ul>\n\n\n\n<figure class=\"wp-block-image size-large\"><img decoding=\"async\" loading=\"lazy\" width=\"984\" height=\"1024\" src=\"https:\/\/amazingmedia.ro\/wp-content\/uploads\/2026\/03\/Feli-si-benny-portret-984x1024.jpg\" alt=\"\" class=\"wp-image-142\" srcset=\"https:\/\/amazingmedia.ro\/wp-content\/uploads\/2026\/03\/Feli-si-benny-portret-984x1024.jpg 984w, https:\/\/amazingmedia.ro\/wp-content\/uploads\/2026\/03\/Feli-si-benny-portret-288x300.jpg 288w, https:\/\/amazingmedia.ro\/wp-content\/uploads\/2026\/03\/Feli-si-benny-portret-768x799.jpg 768w, https:\/\/amazingmedia.ro\/wp-content\/uploads\/2026\/03\/Feli-si-benny-portret-1476x1536.jpg 1476w, https:\/\/amazingmedia.ro\/wp-content\/uploads\/2026\/03\/Feli-si-benny-portret-1968x2048.jpg 1968w\" sizes=\"(max-width: 767px) 89vw, (max-width: 1000px) 54vw, (max-width: 1071px) 543px, 580px\" \/><\/figure>\n\n\n\n<h2 class=\"wp-block-heading\">Valoarea Educa\u021bional\u0103 (De ce aceast\u0103 serie?)<\/h2>\n\n\n\n<p>\u00centr-o lume plin\u0103 de con\u021binut rapid, seria noastr\u0103 ofer\u0103 o alternativ\u0103 ancorat\u0103 \u00een valori morale solide:<\/p>\n\n\n\n<ul>\n<li><strong>Inteligen\u021b\u0103 Emo\u021bional\u0103:<\/strong>&nbsp;Prin reac\u021biile lui Benny, copiii \u00eenva\u021b\u0103 s\u0103-\u0219i identifice \u0219i s\u0103-\u0219i gestioneze propriile emo\u021bii.<\/li>\n\n\n\n<li><strong>Valori Universale:<\/strong>\u00a0Fiecare episod traduce o poveste biblic\u0103 \u00eentr-o valoare practic\u0103: iertarea (Povestea lui Isus), curajul (David \u0219i Goliat), ascultarea (Arca lui Noe), loialitatea (Daniel \u00een groapa cu lei), etc.<\/li>\n\n\n\n<li><strong>Calitate Cinematografic\u0103:<\/strong>&nbsp;Un stil vizual 3D vibrant, luminos \u0219i atractiv, comparabil cu produc\u021biile marilor studiouri de anima\u021bie, care men\u021bine aten\u021bia copiilor \u0219i transform\u0103 \u00eenv\u0103\u021barea \u00eentr-o bucurie vizual\u0103.<\/li>\n<\/ul>\n\n\n\n<h2 class=\"wp-block-heading\">Viziunea pe Termen Lung<\/h2>\n\n\n\n<p>Ca serie antologic\u0103, proiectul are un poten\u021bial de extindere nelimitat. Viitoarele episoade vor explora diverse alte capitole din Vechiul \u0219i Noul Testament, construind o bibliotec\u0103 complet\u0103 de educa\u021bie moral\u0103 \u0219i spiritual\u0103 pentru noile genera\u021bii, ghidat\u0103 mereu de carismaticii Feli \u0219i Benny.<\/p>\n\n\n\n<p><a href=\"https:\/\/www.youtube.com\/@felibenny\" data-type=\"link\" data-id=\"https:\/\/www.youtube.com\/@felibenny\">Aboneaz\u0103-te la canalul YouTube<\/a><\/p>\n\n\n\n<div class=\"wp-block-columns is-layout-flex wp-container-2 wp-block-columns-is-layout-flex\">\n<div class=\"wp-block-column is-layout-flow wp-block-column-is-layout-flow\" style=\"flex-basis:100%\">\n<figure class=\"wp-block-embed is-type-video is-provider-youtube wp-block-embed-youtube wp-embed-aspect-16-9 wp-has-aspect-ratio\"><div class=\"wp-block-embed__wrapper\">\n<iframe loading=\"lazy\" title=\"Aventurile lui Feli \u0219i Benny - TRAILER\" width=\"525\" height=\"295\" src=\"https:\/\/www.youtube.com\/embed\/XpLHo4M8KZo?feature=oembed\" frameborder=\"0\" allow=\"accelerometer; autoplay; clipboard-write; encrypted-media; gyroscope; picture-in-picture; web-share\" referrerpolicy=\"strict-origin-when-cross-origin\" allowfullscreen><\/iframe>\n<\/div><\/figure>\n<\/div>\n<\/div>\n","protected":false},"excerpt":{"rendered":"<p>Conceptul Seriei Acest proiect este o serie de anima\u021bie 3D de \u00eenalt\u0103 calitate, creat\u0103 special pentru copii, care aduce la via\u021b\u0103 cele mai frumoase \u0219i pline de \u00een\u021beles povestiri din Biblie. Seria nu este doar o simpl\u0103 relatare a textelor sacre, ci folose\u0219te o structur\u0103 narativ\u0103 modern\u0103: \u201epoveste \u00een poveste\u201d. Fiecare episod debuteaz\u0103 \u00een prezent, &hellip; <\/p>\n<p class=\"link-more\"><a href=\"https:\/\/amazingmedia.ro\/index.php\/aventuri-si-invataturi-cu-feli-si-benny-o-serie-animata-bazata-pe-povestirile-bibliei\/\" class=\"more-link\">Continu\u0103 lectura<span class=\"screen-reader-text\"> \u201eAventuri \u0219i \u00cenv\u0103\u021b\u0103turi cu Feli \u0219i Benny: O Serie Animat\u0103 Bazat\u0103 pe povestirile Bibliei\u201d<\/span><\/a><\/p>\n","protected":false},"author":1,"featured_media":0,"parent":0,"menu_order":0,"comment_status":"closed","ping_status":"closed","template":"","meta":{"footnotes":""},"_links":{"self":[{"href":"https:\/\/amazingmedia.ro\/index.php\/wp-json\/wp\/v2\/pages\/141"}],"collection":[{"href":"https:\/\/amazingmedia.ro\/index.php\/wp-json\/wp\/v2\/pages"}],"about":[{"href":"https:\/\/amazingmedia.ro\/index.php\/wp-json\/wp\/v2\/types\/page"}],"author":[{"embeddable":true,"href":"https:\/\/amazingmedia.ro\/index.php\/wp-json\/wp\/v2\/users\/1"}],"replies":[{"embeddable":true,"href":"https:\/\/amazingmedia.ro\/index.php\/wp-json\/wp\/v2\/comments?post=141"}],"version-history":[{"count":1,"href":"https:\/\/amazingmedia.ro\/index.php\/wp-json\/wp\/v2\/pages\/141\/revisions"}],"predecessor-version":[{"id":143,"href":"https:\/\/amazingmedia.ro\/index.php\/wp-json\/wp\/v2\/pages\/141\/revisions\/143"}],"wp:attachment":[{"href":"https:\/\/amazingmedia.ro\/index.php\/wp-json\/wp\/v2\/media?parent=141"}],"curies":[{"name":"wp","href":"https:\/\/api.w.org\/{rel}","templated":true}]}}