{"id":12,"date":"2020-10-30T12:32:42","date_gmt":"2020-10-30T12:32:42","guid":{"rendered":"http:\/\/amazingmedia.ro\/?page_id=12"},"modified":"2026-03-23T07:27:44","modified_gmt":"2026-03-23T07:27:44","slug":"o-sectiune-pe-prima-pagina","status":"publish","type":"page","link":"https:\/\/amazingmedia.ro\/index.php\/o-sectiune-pe-prima-pagina\/","title":{"rendered":"Misiunea noastr\u0103"},"content":{"rendered":"\n<p class=\"has-text-align-left\">\u00cenfiin\u021bat\u0103 ca o organiza\u021bie independent\u0103, nonguvernamental\u0103, nonprofit \u0219i apolitic\u0103, Asocia\u021bia Amazing Media are un scop clar: promovarea excelen\u021bei \u00een muzic\u0103, la nivel na\u021bional \u0219i interna\u021bional \u0219i educa\u021bia cultural-spiritual\u0103 prin proiectele pe care le dezvolt\u0103m. Fie c\u0103 este vorba despre muzic\u0103 vocal\u0103 sau instrumental\u0103, aducem arta mai aproape de public prin evenimentele la care particip\u0103m, prin proiectele noastre \u0219i prin videoclipuri muzicale de \u00eenalt\u0103 \u021binut\u0103. Obiectivul nostru fundamental este ca, prin tot ceea ce cre\u0103m, s\u0103 sprijinim dezvoltarea cultural-muzical\u0103 \u0219i spiritual\u0103 a societ\u0103\u021bii.<\/p>\n","protected":false},"excerpt":{"rendered":"<p>\u00cenfiin\u021bat\u0103 ca o organiza\u021bie independent\u0103, nonguvernamental\u0103, nonprofit \u0219i apolitic\u0103, Asocia\u021bia Amazing Media are un scop clar: promovarea excelen\u021bei \u00een muzic\u0103, la nivel na\u021bional \u0219i interna\u021bional \u0219i educa\u021bia cultural-spiritual\u0103 prin proiectele pe care le dezvolt\u0103m. Fie c\u0103 este vorba despre muzic\u0103 vocal\u0103 sau instrumental\u0103, aducem arta mai aproape de public prin evenimentele la care particip\u0103m, prin &hellip; <\/p>\n<p class=\"link-more\"><a href=\"https:\/\/amazingmedia.ro\/index.php\/o-sectiune-pe-prima-pagina\/\" class=\"more-link\">Continu\u0103 lectura<span class=\"screen-reader-text\"> \u201eMisiunea noastr\u0103\u201d<\/span><\/a><\/p>\n","protected":false},"author":1,"featured_media":30,"parent":0,"menu_order":0,"comment_status":"closed","ping_status":"closed","template":"","meta":{"footnotes":""},"_links":{"self":[{"href":"https:\/\/amazingmedia.ro\/index.php\/wp-json\/wp\/v2\/pages\/12"}],"collection":[{"href":"https:\/\/amazingmedia.ro\/index.php\/wp-json\/wp\/v2\/pages"}],"about":[{"href":"https:\/\/amazingmedia.ro\/index.php\/wp-json\/wp\/v2\/types\/page"}],"author":[{"embeddable":true,"href":"https:\/\/amazingmedia.ro\/index.php\/wp-json\/wp\/v2\/users\/1"}],"replies":[{"embeddable":true,"href":"https:\/\/amazingmedia.ro\/index.php\/wp-json\/wp\/v2\/comments?post=12"}],"version-history":[{"count":6,"href":"https:\/\/amazingmedia.ro\/index.php\/wp-json\/wp\/v2\/pages\/12\/revisions"}],"predecessor-version":[{"id":130,"href":"https:\/\/amazingmedia.ro\/index.php\/wp-json\/wp\/v2\/pages\/12\/revisions\/130"}],"wp:featuredmedia":[{"embeddable":true,"href":"https:\/\/amazingmedia.ro\/index.php\/wp-json\/wp\/v2\/media\/30"}],"wp:attachment":[{"href":"https:\/\/amazingmedia.ro\/index.php\/wp-json\/wp\/v2\/media?parent=12"}],"curies":[{"name":"wp","href":"https:\/\/api.w.org\/{rel}","templated":true}]}}